{"id":103,"date":"2021-01-29T22:14:58","date_gmt":"2021-01-29T21:14:58","guid":{"rendered":"http:\/\/fb.news48.eu\/?page_id=103"},"modified":"2021-01-29T22:15:38","modified_gmt":"2021-01-29T21:15:38","slug":"rodo-cookies","status":"publish","type":"page","link":"https:\/\/fb.news48.eu\/?page_id=103","title":{"rendered":"RODO Cookies"},"content":{"rendered":"<div class=\"art-content-layout\">\n<div class=\"art-content-layout-row\">\n<div class=\"art-layout-cell\">\n<p><strong><span style=\"font-size: 14pt;\">Informacja o zbieranych danych w zakresie danych osobowych (RODO)\u00a0<\/span><\/strong><\/p>\n<p>1\/ Witryna nie wymaga do kontaktu, ani nie gromadzi i nie przetwarza \u017cadnych danych osobowych.<\/p>\n<p>2\/ Witryna ta u\u017cywa anonimowych danych zbiorczych o odwiedzinach strony, zbieranych przez Google Analytics \u2013 ale nie zbiera danych o adresach IP internauty. W zakresie zbierania i wykorzystywania adres\u00f3w IP do personalizacji nale\u017cy si\u0119 zwraca\u0107 bezpo\u015brednio do koncernu Google.<\/p>\n<p>3\/\u00a0Adresy e-malowe z korespondencji wykorzystywane s\u0105 jedynie do kontakt\u00f3w w zakresie zainteresowa\u0144 obu stron. Adresy te nie s\u0105 wykorzystywane do cel\u00f3w reklamowych i nie s\u0105 wprowadzane do \u017cadnej bazy newslettera. Adresy te nie s\u0105 udost\u0119pniane stronom trzecim.<\/p>\n<p>4\/ \u017badne dane zg\u0142aszaj\u0105cych zapytanie e-mailowe nie s\u0105 przetwarzane w spos\u00f3b automatyczny i nie s\u0105 ewidencjonowane w automatycznych bazach danych.<\/p>\n<p>5\/\u00a0Wtyczki spo\u0142eczno\u015bciowe u\u0142atwiaj\u0105 u\u017cytkownikowi korzystanie z funkcji udost\u0119pnianych przez serwisy spo\u0142eczno\u015bciowe w zakresie bie\u017c\u0105cego powielania i opiniowania tre\u015bci internetowych.<br \/>\nWtyczki te nie przerabiaj\u0105 dla nas \u017cadnych danych osobowych go\u015bci \u2013 nie przerabiamy informacji o\u00a0zachowaniach konkretnych kont spo\u0142eczno\u015bciowych na naszych witrynach internetowych. Nie sporz\u0105dzamy baz nazw kont i baz wysy\u0142kowych. Nie przesy\u0142amy \u017cadnych informacji z naszych witryn i nie prowadzimy list subskrypcyjnych.<\/p>\n<p>6\/ Nie tworzymy profili na naszych stronach internetowych!<\/p>\n<p>7\/ Komentuj\u0105cy na formach spo\u0142eczno\u015bciowych musz\u0105 si\u0119 natomiast liczy\u0107 z normalnymi<br \/>\nkontr-komentarzami na tych forach, zgodnie z zasadami dost\u0119pnymi w danym medium spo\u0142eczno\u015bciowym i nie ma to nic wsp\u00f3lnego z funkcjonowaniem naszych stron internetowych.<\/p>\n<p>8\/ Natomiast witryny konkretnych medi\u00f3w spo\u0142eczno\u015bciowych mog\u0105 \u015bledzi\u0107 odwiedzaj\u0105cych, w przypadku kt\u00f3rych u\u017cywane s\u0105 ich kody np. Facebook, YouTube, Twitter. Zakres takiego \u015bledzenia wynika z ich zasad regulaminowych i opcji zg\u00f3d udzielanych im domy\u015blnie przez danego u\u017cytkownika tych medi\u00f3w.<\/p>\n<p>&nbsp;<\/p>\n<\/div>\n<\/div>\n<\/div>\n<div class=\"art-content-layout\">\n<div class=\"art-content-layout-row\">\n<div class=\"art-layout-cell\">\n<p><strong><span style=\"font-size: 14pt;\">Cookies<\/span><\/strong><\/p>\n<p>1\/ HTTP Cookies (ciasteczka) \u015bledz\u0105 co robisz w internecie. Witryna ta u\u017cywa anonimowych danych zbiorczych o odwiedzinach strony, zbieranych przez Google Analytics.<br \/>\nOdwiedzaj\u0105c nasze witryny musisz si\u0119 zgodzi\u0107 na ewentualne \u015bledzenie odwiedzin przez technologi\u0119 Cookies ale nie analizujemy i nie gromadzimy indywidualnych danych i powi\u0105za\u0144 internetowych dotycz\u0105cych odwiedzaj\u0105cego.<br \/>\nBrak zgody oznacza konieczno\u015b\u0107 opuszczenia naszej witryny.<\/p>\n<p>2\/ Cookies wykorzystuj\u0105 narz\u0119dzia Google, przegl\u0105darki, portale pocztowe, Social Media i Microsoft. W zakresie Cookies nale\u017cy zapozna\u0107 si\u0119 z informacjami Google i informacjami zawartymi w u\u017cywanych przegl\u0105darkach.<\/p>\n<p>Nie odpowiadamy w tym zakresie za dzia\u0142ania firm zarz\u0105dzaj\u0105cych powy\u017cszymi rozwi\u0105zaniami.<\/p>\n<\/div>\n<\/div>\n<\/div>\n","protected":false},"excerpt":{"rendered":"<p>Informacja o zbieranych danych w zakresie danych osobowych (RODO)\u00a0 1\/&#8230;<\/p>\n<div class='heateorSssClear'><\/div><div  class='heateor_sss_sharing_container heateor_sss_horizontal_sharing' heateor-sss-data-href='https:\/\/fb.news48.eu\/?page_id=103'><div class='heateor_sss_sharing_title' style=\"font-weight:bold\" >Spread the love<\/div><ul class=\"heateor_sss_sharing_ul\"><li class=\"heateorSssSharingRound\"><i style=\"width:35px;height:35px;border-radius:999px;\" alt=\"Whatsapp\" Title=\"Whatsapp\" class=\"heateorSssSharing heateorSssWhatsappBackground\" onclick='heateorSssPopup(\"https:\/\/web.whatsapp.com\/send?text=RODO%20Cookies https%3A%2F%2Ffb.news48.eu%2Findex.php%3Frest_route%3D%252Fwp%252Fv2%252Fpages%252F103\")'><ss style=\"display:block\" class=\"heateorSssSharingSvg heateorSssWhatsappSvg\"><\/ss><\/i><\/li><li class=\"heateorSssSharingRound\"><i style=\"width:35px;height:35px;border-radius:999px;\" alt=\"Viber\" Title=\"Viber\" class=\"heateorSssSharing heateorSssViberBackground\"><a href=\"viber:\/\/forward?text=RODO%20Cookies https%3A%2F%2Ffb.news48.eu%2Findex.php%3Frest_route%3D%252Fwp%252Fv2%252Fpages%252F103\" rel=\"nofollow\"><ss style=\"display:block\" class=\"heateorSssSharingSvg heateorSssViberSvg\"><\/ss><\/a><\/i><\/li><li class=\"heateorSssSharingRound\"><i style=\"width:35px;height:35px;border-radius:999px;\" title=\"More\" alt=\"More\" class=\"heateorSssSharing heateorSssMoreBackground\" onclick=\"heateorSssMoreSharingPopup(this, 'https:\/\/fb.news48.eu\/index.php?rest_route=%2Fwp%2Fv2%2Fpages%2F103', 'RODO%20Cookies', '' )\" ><ss style=\"display:block\" class=\"heateorSssSharingSvg heateorSssMoreSvg\"><\/ss><\/i><\/li><\/ul><div class=\"heateorSssClear\"><\/div><\/div><div class='heateorSssClear'><\/div>","protected":false},"author":1,"featured_media":0,"parent":0,"menu_order":0,"comment_status":"closed","ping_status":"closed","template":"","meta":[],"_links":{"self":[{"href":"https:\/\/fb.news48.eu\/index.php?rest_route=\/wp\/v2\/pages\/103"}],"collection":[{"href":"https:\/\/fb.news48.eu\/index.php?rest_route=\/wp\/v2\/pages"}],"about":[{"href":"https:\/\/fb.news48.eu\/index.php?rest_route=\/wp\/v2\/types\/page"}],"author":[{"embeddable":true,"href":"https:\/\/fb.news48.eu\/index.php?rest_route=\/wp\/v2\/users\/1"}],"replies":[{"embeddable":true,"href":"https:\/\/fb.news48.eu\/index.php?rest_route=%2Fwp%2Fv2%2Fcomments&post=103"}],"version-history":[{"count":1,"href":"https:\/\/fb.news48.eu\/index.php?rest_route=\/wp\/v2\/pages\/103\/revisions"}],"predecessor-version":[{"id":104,"href":"https:\/\/fb.news48.eu\/index.php?rest_route=\/wp\/v2\/pages\/103\/revisions\/104"}],"wp:attachment":[{"href":"https:\/\/fb.news48.eu\/index.php?rest_route=%2Fwp%2Fv2%2Fmedia&parent=103"}],"curies":[{"name":"wp","href":"https:\/\/api.w.org\/{rel}","templated":true}]}}