{"id":2,"date":"2016-05-10T03:48:21","date_gmt":"2016-05-10T03:48:21","guid":{"rendered":"http:\/\/fb.news48.eu\/?page_id=2"},"modified":"2021-01-31T19:37:52","modified_gmt":"2021-01-31T18:37:52","slug":"home","status":"publish","type":"page","link":"https:\/\/fb.news48.eu\/","title":{"rendered":"HOME"},"content":{"rendered":"<p><span style=\"font-size: 14pt;\">Witryna powsta\u0142a z potrzeby swobodnego powielenia informacji i opinii prezentowanych na stronach FB, bez nara\u017cania os\u00f3b je rozpowszechniaj\u0105cych na sankcje blokowania kont osobistych.<\/span><br \/>\n<span style=\"font-size: 14pt;\">W ci\u0105gu ostatnich 12 miesi\u0119cy mo\u017cna zaobserwowa\u0107 jednostronne akcje specjalnych grup reprezentuj\u0105cych \u015brodowiska nacjonalistyczno-ultrakatolickie, zar\u00f3wno ekipy rz\u0105dz\u0105cej jak i tzw. &#8222;prawicowej opozycji&#8221;, kt\u00f3re monitoruj\u0105c rozpowszechnianie informacji na FB systematycznie doprowadzaj\u0105 do czasowego blokowania u\u017cytkownikom mo\u017cliwo\u015bci dalszego udost\u0119pniania i rozpowszechniania okre\u015blonych informacji w grupach i na stronach a nawet blokowania grup i stron.<\/span><br \/>\n<span style=\"font-size: 14pt;\">Blokowanie te odbywaj\u0105 si\u0119 bez ostrze\u017cenia i bez podania konkretnej przyczyny.<\/span><\/p>\n<p><span style=\"font-size: 14pt;\">Dlatego zebrali\u015bmy tutaj propozycje grup, stron i kana\u0142\u00f3w, prezentuj\u0105cych naszym zdaniem niezale\u017cne demokratyczne \u015brodowiska, kt\u00f3rych informacje mo\u017cna rozpowszechnia\u0107 r\u00f3wnie\u017c poza kana\u0142em FB, za pomoc\u0105 poczty elektronicznej.<\/span><\/p>\n","protected":false},"excerpt":{"rendered":"<p>Witryna powsta\u0142a z potrzeby swobodnego powielenia informacji i opinii prezentowanych&#8230;<\/p>\n<div class='heateorSssClear'><\/div><div  class='heateor_sss_sharing_container heateor_sss_horizontal_sharing' heateor-sss-data-href='https:\/\/fb.news48.eu\/'><div class='heateor_sss_sharing_title' style=\"font-weight:bold\" >Spread the love<\/div><ul class=\"heateor_sss_sharing_ul\"><li class=\"heateorSssSharingRound\"><i style=\"width:35px;height:35px;border-radius:999px;\" alt=\"Whatsapp\" Title=\"Whatsapp\" class=\"heateorSssSharing heateorSssWhatsappBackground\" onclick='heateorSssPopup(\"https:\/\/web.whatsapp.com\/send?text=HOME https%3A%2F%2Ffb.news48.eu%2Findex.php%3Frest_route%3D%252Fwp%252Fv2%252Fpages%252F2\")'><ss style=\"display:block\" class=\"heateorSssSharingSvg heateorSssWhatsappSvg\"><\/ss><\/i><\/li><li class=\"heateorSssSharingRound\"><i style=\"width:35px;height:35px;border-radius:999px;\" alt=\"Viber\" Title=\"Viber\" class=\"heateorSssSharing heateorSssViberBackground\"><a href=\"viber:\/\/forward?text=HOME https%3A%2F%2Ffb.news48.eu%2Findex.php%3Frest_route%3D%252Fwp%252Fv2%252Fpages%252F2\" rel=\"nofollow\"><ss style=\"display:block\" class=\"heateorSssSharingSvg heateorSssViberSvg\"><\/ss><\/a><\/i><\/li><li class=\"heateorSssSharingRound\"><i style=\"width:35px;height:35px;border-radius:999px;\" title=\"More\" alt=\"More\" class=\"heateorSssSharing heateorSssMoreBackground\" onclick=\"heateorSssMoreSharingPopup(this, 'https:\/\/fb.news48.eu\/index.php?rest_route=%2Fwp%2Fv2%2Fpages%2F2', 'HOME', '' )\" ><ss style=\"display:block\" class=\"heateorSssSharingSvg heateorSssMoreSvg\"><\/ss><\/i><\/li><\/ul><div class=\"heateorSssClear\"><\/div><\/div><div class='heateorSssClear'><\/div>","protected":false},"author":1,"featured_media":0,"parent":0,"menu_order":0,"comment_status":"closed","ping_status":"closed","template":"","meta":[],"_links":{"self":[{"href":"https:\/\/fb.news48.eu\/index.php?rest_route=\/wp\/v2\/pages\/2"}],"collection":[{"href":"https:\/\/fb.news48.eu\/index.php?rest_route=\/wp\/v2\/pages"}],"about":[{"href":"https:\/\/fb.news48.eu\/index.php?rest_route=\/wp\/v2\/types\/page"}],"author":[{"embeddable":true,"href":"https:\/\/fb.news48.eu\/index.php?rest_route=\/wp\/v2\/users\/1"}],"replies":[{"embeddable":true,"href":"https:\/\/fb.news48.eu\/index.php?rest_route=%2Fwp%2Fv2%2Fcomments&post=2"}],"version-history":[{"count":4,"href":"https:\/\/fb.news48.eu\/index.php?rest_route=\/wp\/v2\/pages\/2\/revisions"}],"predecessor-version":[{"id":144,"href":"https:\/\/fb.news48.eu\/index.php?rest_route=\/wp\/v2\/pages\/2\/revisions\/144"}],"wp:attachment":[{"href":"https:\/\/fb.news48.eu\/index.php?rest_route=%2Fwp%2Fv2%2Fmedia&parent=2"}],"curies":[{"name":"wp","href":"https:\/\/api.w.org\/{rel}","templated":true}]}}